{"id":577,"date":"2022-03-11T12:43:26","date_gmt":"2022-03-11T12:43:26","guid":{"rendered":"https:\/\/twe.ee\/?page_id=577"},"modified":"2024-03-07T09:24:59","modified_gmt":"2024-03-07T09:24:59","slug":"meist","status":"publish","type":"page","link":"https:\/\/twe.ee\/et\/meist\/","title":{"rendered":"Meist"},"content":{"rendered":"\t\t<div data-elementor-type=\"wp-page\" data-elementor-id=\"577\" class=\"elementor elementor-577\" data-elementor-post-type=\"page\">\n\t\t\t\t\t\t<section class=\"elementor-section elementor-top-section elementor-element elementor-element-4ffdd0b elementor-section-boxed elementor-section-height-default elementor-section-height-default\" data-id=\"4ffdd0b\" data-element_type=\"section\" data-e-type=\"section\" data-settings=\"{&quot;background_background&quot;:&quot;classic&quot;}\">\n\t\t\t\t\t\t\t<div class=\"elementor-background-overlay\"><\/div>\n\t\t\t\t\t\t\t<div class=\"elementor-container elementor-column-gap-default\">\n\t\t\t\t\t<div class=\"elementor-column elementor-col-50 elementor-top-column elementor-element elementor-element-c0fe95b\" data-id=\"c0fe95b\" data-element_type=\"column\" data-e-type=\"column\">\n\t\t\t<div class=\"elementor-widget-wrap elementor-element-populated\">\n\t\t\t\t\t\t<div class=\"elementor-element elementor-element-c861c48 elementor-widget__width-auto elementor-widget-divider--view-line elementor-widget elementor-widget-divider\" data-id=\"c861c48\" data-element_type=\"widget\" data-e-type=\"widget\" data-widget_type=\"divider.default\">\n\t\t\t\t<div class=\"elementor-widget-container\">\n\t\t\t\t\t\t\t<div class=\"elementor-divider\">\n\t\t\t<span class=\"elementor-divider-separator\">\n\t\t\t\t\t\t<\/span>\n\t\t<\/div>\n\t\t\t\t\t\t<\/div>\n\t\t\t\t<\/div>\n\t\t\t\t<div class=\"elementor-element elementor-element-e32bffd elementor-widget elementor-widget-heading\" data-id=\"e32bffd\" data-element_type=\"widget\" data-e-type=\"widget\" data-widget_type=\"heading.default\">\n\t\t\t\t<div class=\"elementor-widget-container\">\n\t\t\t\t\t<h3 class=\"elementor-heading-title elementor-size-default\">Meist<\/h3>\t\t\t\t<\/div>\n\t\t\t\t<\/div>\n\t\t\t\t<div class=\"elementor-element elementor-element-6cae4c8 elementor-widget elementor-widget-heading\" data-id=\"6cae4c8\" data-element_type=\"widget\" data-e-type=\"widget\" data-widget_type=\"heading.default\">\n\t\t\t\t<div class=\"elementor-widget-container\">\n\t\t\t\t\t<h3 class=\"elementor-heading-title elementor-size-default\">Muudame tootmise lihtsamaks, kiiremaks ning v\u00e4hem ressursin\u00f5udlikuks.<\/h3>\t\t\t\t<\/div>\n\t\t\t\t<\/div>\n\t\t\t\t<div class=\"elementor-element elementor-element-440a959 elementor-widget elementor-widget-text-editor\" data-id=\"440a959\" data-element_type=\"widget\" data-e-type=\"widget\" data-widget_type=\"text-editor.default\">\n\t\t\t\t<div class=\"elementor-widget-container\">\n\t\t\t\t\t\t\t\t\t<p>Meie visiooniks on luua kvaliteetseid t\u00f6\u00f6stusrajatisi koost\u00f6\u00f6s kliendi meeskonnaga.<\/p><p>Ettev\u00f5tte algusajad viivad aastasse 2007 kui alustati masinaehitusliku projekteerimise ning disainiga. Tegeleme gaasipaigaldiste ning t\u00f6\u00f6stuslike torustike projekteerimisega. Samuti teostame t\u00f6\u00f6stusrajatise projekteerimise projektijuhtimist.<\/p>\t\t\t\t\t\t\t\t<\/div>\n\t\t\t\t<\/div>\n\t\t\t\t\t<\/div>\n\t\t<\/div>\n\t\t\t\t<div class=\"elementor-column elementor-col-50 elementor-top-column elementor-element elementor-element-04a64a5\" data-id=\"04a64a5\" data-element_type=\"column\" data-e-type=\"column\">\n\t\t\t<div class=\"elementor-widget-wrap elementor-element-populated\">\n\t\t\t\t\t\t<div class=\"elementor-element elementor-element-2a54f6d elementor-widget elementor-widget-image\" data-id=\"2a54f6d\" data-element_type=\"widget\" data-e-type=\"widget\" data-widget_type=\"image.default\">\n\t\t\t\t<div class=\"elementor-widget-container\">\n\t\t\t\t\t\t\t\t\t\t\t\t\t\t\t<img fetchpriority=\"high\" decoding=\"async\" width=\"800\" height=\"450\" src=\"https:\/\/twe.ee\/wp-content\/uploads\/2022\/02\/Resin-manufacturing-1-1024x576.webp\" class=\"attachment-large size-large wp-image-319\" alt=\"\" srcset=\"https:\/\/twe.ee\/wp-content\/uploads\/2022\/02\/Resin-manufacturing-1-1024x576.webp 1024w, https:\/\/twe.ee\/wp-content\/uploads\/2022\/02\/Resin-manufacturing-1-300x169.webp 300w, https:\/\/twe.ee\/wp-content\/uploads\/2022\/02\/Resin-manufacturing-1-768x432.webp 768w, https:\/\/twe.ee\/wp-content\/uploads\/2022\/02\/Resin-manufacturing-1-1536x864.webp 1536w, https:\/\/twe.ee\/wp-content\/uploads\/2022\/02\/Resin-manufacturing-1.webp 1920w\" sizes=\"(max-width: 800px) 100vw, 800px\" \/>\t\t\t\t\t\t\t\t\t\t\t\t\t\t\t<\/div>\n\t\t\t\t<\/div>\n\t\t\t\t\t<\/div>\n\t\t<\/div>\n\t\t\t\t\t<\/div>\n\t\t<\/section>\n\t\t\t\t<\/div>\n\t\t","protected":false},"excerpt":{"rendered":"<p>Meist Muudame tootmise lihtsamaks, kiiremaks ning v\u00e4hem ressursin\u00f5udlikuks. Meie visiooniks on luua kvaliteetseid t\u00f6\u00f6stusrajatisi koost\u00f6\u00f6s kliendi meeskonnaga. Ettev\u00f5tte algusajad viivad aastasse 2007 kui alustati masinaehitusliku projekteerimise ning disainiga. Tegeleme gaasipaigaldiste ning t\u00f6\u00f6stuslike torustike projekteerimisega. Samuti teostame t\u00f6\u00f6stusrajatise projekteerimise projektijuhtimist.<\/p>\n","protected":false},"author":1,"featured_media":0,"parent":0,"menu_order":0,"comment_status":"closed","ping_status":"closed","template":"elementor_header_footer","meta":{"inline_featured_image":false,"footnotes":""},"class_list":["post-577","page","type-page","status-publish","hentry"],"_links":{"self":[{"href":"https:\/\/twe.ee\/et\/wp-json\/wp\/v2\/pages\/577","targetHints":{"allow":["GET"]}}],"collection":[{"href":"https:\/\/twe.ee\/et\/wp-json\/wp\/v2\/pages"}],"about":[{"href":"https:\/\/twe.ee\/et\/wp-json\/wp\/v2\/types\/page"}],"author":[{"embeddable":true,"href":"https:\/\/twe.ee\/et\/wp-json\/wp\/v2\/users\/1"}],"replies":[{"embeddable":true,"href":"https:\/\/twe.ee\/et\/wp-json\/wp\/v2\/comments?post=577"}],"version-history":[{"count":5,"href":"https:\/\/twe.ee\/et\/wp-json\/wp\/v2\/pages\/577\/revisions"}],"predecessor-version":[{"id":1215,"href":"https:\/\/twe.ee\/et\/wp-json\/wp\/v2\/pages\/577\/revisions\/1215"}],"wp:attachment":[{"href":"https:\/\/twe.ee\/et\/wp-json\/wp\/v2\/media?parent=577"}],"curies":[{"name":"wp","href":"https:\/\/api.w.org\/{rel}","templated":true}]}}