{"id":582,"date":"2022-03-11T12:45:40","date_gmt":"2022-03-11T12:45:40","guid":{"rendered":"https:\/\/twe.ee\/?page_id=582"},"modified":"2024-05-13T14:07:40","modified_gmt":"2024-05-13T14:07:40","slug":"teenused","status":"publish","type":"page","link":"https:\/\/twe.ee\/et\/teenused\/","title":{"rendered":"Teenused"},"content":{"rendered":"\t\t<div data-elementor-type=\"wp-page\" data-elementor-id=\"582\" class=\"elementor elementor-582\" data-elementor-post-type=\"page\">\n\t\t\t\t\t\t<section class=\"elementor-section elementor-top-section elementor-element elementor-element-2ebb94b elementor-section-boxed elementor-section-height-default elementor-section-height-default\" data-id=\"2ebb94b\" data-element_type=\"section\" data-e-type=\"section\">\n\t\t\t\t\t\t<div class=\"elementor-container elementor-column-gap-default\">\n\t\t\t\t\t<div class=\"elementor-column elementor-col-100 elementor-top-column elementor-element elementor-element-cdee364\" data-id=\"cdee364\" data-element_type=\"column\" data-e-type=\"column\">\n\t\t\t<div class=\"elementor-widget-wrap elementor-element-populated\">\n\t\t\t\t\t\t<div class=\"elementor-element elementor-element-81d2dcd elementor-widget__width-auto elementor-widget-divider--view-line elementor-widget elementor-widget-divider\" data-id=\"81d2dcd\" data-element_type=\"widget\" data-e-type=\"widget\" data-widget_type=\"divider.default\">\n\t\t\t\t<div class=\"elementor-widget-container\">\n\t\t\t\t\t\t\t<div class=\"elementor-divider\">\n\t\t\t<span class=\"elementor-divider-separator\">\n\t\t\t\t\t\t<\/span>\n\t\t<\/div>\n\t\t\t\t\t\t<\/div>\n\t\t\t\t<\/div>\n\t\t\t\t<div class=\"elementor-element elementor-element-8ccb7b9 elementor-widget elementor-widget-heading\" data-id=\"8ccb7b9\" data-element_type=\"widget\" data-e-type=\"widget\" data-widget_type=\"heading.default\">\n\t\t\t\t<div class=\"elementor-widget-container\">\n\t\t\t\t\t<h3 class=\"elementor-heading-title elementor-size-default\">Teenused<\/h3>\t\t\t\t<\/div>\n\t\t\t\t<\/div>\n\t\t\t\t<div class=\"elementor-element elementor-element-38b3072 elementor-widget elementor-widget-accordion\" data-id=\"38b3072\" data-element_type=\"widget\" data-e-type=\"widget\" data-widget_type=\"accordion.default\">\n\t\t\t\t<div class=\"elementor-widget-container\">\n\t\t\t\t\t\t\t<div class=\"elementor-accordion\">\n\t\t\t\t\t\t\t<div class=\"elementor-accordion-item\">\n\t\t\t\t\t<div id=\"elementor-tab-title-5941\" class=\"elementor-tab-title\" data-tab=\"1\" role=\"button\" aria-controls=\"elementor-tab-content-5941\" aria-expanded=\"false\">\n\t\t\t\t\t\t\t\t\t\t\t\t\t<span class=\"elementor-accordion-icon elementor-accordion-icon-left\" aria-hidden=\"true\">\n\t\t\t\t\t\t\t\t\t\t\t\t\t\t\t<span class=\"elementor-accordion-icon-closed\"><i class=\"fas fa-plus\"><\/i><\/span>\n\t\t\t\t\t\t\t\t<span class=\"elementor-accordion-icon-opened\"><i class=\"fas fa-minus\"><\/i><\/span>\n\t\t\t\t\t\t\t\t\t\t\t\t\t\t<\/span>\n\t\t\t\t\t\t\t\t\t\t\t\t<a class=\"elementor-accordion-title\" tabindex=\"0\">T\u00f6\u00f6stusprotsesside ja -rajatiste projekteerimine ja projektijuhtimine<\/a>\n\t\t\t\t\t<\/div>\n\t\t\t\t\t<div id=\"elementor-tab-content-5941\" class=\"elementor-tab-content elementor-clearfix\" data-tab=\"1\" role=\"region\" aria-labelledby=\"elementor-tab-title-5941\"><p>Teamwork Engineering O\u00dc on spetsialiseerunud protsessi ja tehaste ning t\u00f6\u00f6stuslahenduste projekteerimisele.\u00a0<\/p><p>K\u00f5ik t\u00f6\u00f6d teostame ruumiliselt. 3D mudelisse saab lisada k\u00f5ikide seadmete, torude, toruarmatuuri, jne info. Nii saate oma t\u00f6\u00f6stuse tootmisprotsessidest 3D mudeli, mille abil on hiljem v\u00f5imalik kiiremini ning kulusid kokku hoides viia olemasolevates protsessides l\u00e4bi muudatusi, uuendusi ja t\u00e4iendusi.<\/p><p><strong>Detailne 3D mudeli olemasolu aitab:<\/strong><\/p><ul><li>uute seadmete\/torustike paigaldusel ruumis<\/li><li>vajalike protsesside uuendustel\/t\u00e4iendustel<\/li><li>arvestada t\u00e4psemalt vajalikku materjali kulu<\/li><li>hoone juurdeehitustel<\/li><li>hea reklaammaterjal enda klientidele<\/li><\/ul><p><strong>Oleme oma t\u00f6\u00f6protsessi jaganud j\u00e4rgmisteks etappideks ning pakume t\u00e4ispaketina:<\/strong><\/p><ul><li><strong>Laserskaneerimine<\/strong> \u2013 olemasolevate protsesside (torustike, toruarmatuuri, seadmete, jne) \u00fclesm\u00f5\u00f5distamine 3D punktipilve mudeliks, millelt on v\u00f5imalik v\u00f5tta m\u00f5\u00f5te ja koordinaate.<\/li><li><strong><a href=\"http:\/\/www.ou.edu\/class\/che-design\/design%201-2013\/Piping%20&amp;%20Instrument%20Diagrams.pdf\" target=\"_blank\" rel=\"noopener\">P&amp;ID (<em>piping and instrumentation diagram<\/em>)<\/a><\/strong> \u2013 koostame P&amp;I diagrammi torustikest, toruarmatuurist ja seadmetest.<\/li><li><strong>3D mudeli koostamine<\/strong>\u00a0\u2013 loome 3D mudeli olemasolevatest torustikest ja seadmetest ning lisame juurde planeeritavad torustikud\/seadmed.<\/li><li><strong>T\u00f6\u00f6jooniste koostamine<\/strong> \u2013 vormistame t\u00f6\u00f6joonised ja spetsifikatsioonid toruliinidest, seadmetest ning instrumentidest.<\/li><\/ul><div>\u00a0<\/div><div><strong>Pakume oma klientidele j\u00e4rgmisi teenuseid:<\/strong><\/div><ul><li>T\u00f6\u00f6stuslike torustike projekteerimine<\/li><li>Protsessiskeemide (P&amp;ID) koostamine<\/li><li>Jooniste\/protsessiskeemide digitaalsele kujule viimine<\/li><li>T\u00f6\u00f6stusprojektide projekteerimise projektijuhtimine<\/li><\/ul><\/div>\n\t\t\t\t<\/div>\n\t\t\t\t\t\t\t<div class=\"elementor-accordion-item\">\n\t\t\t\t\t<div id=\"elementor-tab-title-5942\" class=\"elementor-tab-title\" data-tab=\"2\" role=\"button\" aria-controls=\"elementor-tab-content-5942\" aria-expanded=\"false\">\n\t\t\t\t\t\t\t\t\t\t\t\t\t<span class=\"elementor-accordion-icon elementor-accordion-icon-left\" aria-hidden=\"true\">\n\t\t\t\t\t\t\t\t\t\t\t\t\t\t\t<span class=\"elementor-accordion-icon-closed\"><i class=\"fas fa-plus\"><\/i><\/span>\n\t\t\t\t\t\t\t\t<span class=\"elementor-accordion-icon-opened\"><i class=\"fas fa-minus\"><\/i><\/span>\n\t\t\t\t\t\t\t\t\t\t\t\t\t\t<\/span>\n\t\t\t\t\t\t\t\t\t\t\t\t<a class=\"elementor-accordion-title\" tabindex=\"0\">Torustike projekteerimine<\/a>\n\t\t\t\t\t<\/div>\n\t\t\t\t\t<div id=\"elementor-tab-content-5942\" class=\"elementor-tab-content elementor-clearfix\" data-tab=\"2\" role=\"region\" aria-labelledby=\"elementor-tab-title-5942\"><p>Projekteerime t\u00f6\u00f6stustorustikke ja gaasitorustikke erinevates t\u00f6\u00f6stusharudes alates \u00f5li ja gaasi rajatistest kuni toiduaine ja farmaatsia t\u00f6\u00f6stusteni.<\/p><\/div>\n\t\t\t\t<\/div>\n\t\t\t\t\t\t\t<div class=\"elementor-accordion-item\">\n\t\t\t\t\t<div id=\"elementor-tab-title-5943\" class=\"elementor-tab-title\" data-tab=\"3\" role=\"button\" aria-controls=\"elementor-tab-content-5943\" aria-expanded=\"false\">\n\t\t\t\t\t\t\t\t\t\t\t\t\t<span class=\"elementor-accordion-icon elementor-accordion-icon-left\" aria-hidden=\"true\">\n\t\t\t\t\t\t\t\t\t\t\t\t\t\t\t<span class=\"elementor-accordion-icon-closed\"><i class=\"fas fa-plus\"><\/i><\/span>\n\t\t\t\t\t\t\t\t<span class=\"elementor-accordion-icon-opened\"><i class=\"fas fa-minus\"><\/i><\/span>\n\t\t\t\t\t\t\t\t\t\t\t\t\t\t<\/span>\n\t\t\t\t\t\t\t\t\t\t\t\t<a class=\"elementor-accordion-title\" tabindex=\"0\">Gaasivarustuse projekteerimine<\/a>\n\t\t\t\t\t<\/div>\n\t\t\t\t\t<div id=\"elementor-tab-content-5943\" class=\"elementor-tab-content elementor-clearfix\" data-tab=\"3\" role=\"region\" aria-labelledby=\"elementor-tab-title-5943\"><div id=\"layers-widget-column-39\" class=\"widget layers-content-widget content-vertical-massive translucent animated-1s fade-in-up\"><div class=\"container list-masonry\"><div class=\"grid loaded\"><div id=\"layers-widget-column-39-154\" class=\"layers-widget-column-39-154 layers-masonry-column layers-widget-column-154 span-9 first column-flush \"><div class=\"media no-push-bottom image-top large\"><div class=\"media-body text-justify\"><div class=\"excerpt\"><p>Teamwork Engineering O\u00dc teostab gaasivarustuse projekteerimist.<\/p><p><strong>Pakume oma klientidele j\u00e4rgmisi teenuseid:<\/strong><\/p><ul><li>T\u00f6\u00f6stusettev\u00f5tete gaasivarustuse projekteerimine<\/li><li>Surumaagaasi (CNG) tanklate projekteerimine<\/li><li>Veeldatud maagaasi (LNG) tanklate, satelliitjaamade, terminalide projekteerimine<\/li><li>Biogaasijaamade projekteerimine<\/li><li>Biogaasi puhastusjaamade projekteerimine<\/li><li>Pr\u00fcgilagaasi kogumise ja t\u00f6\u00f6tlemise lahenduste projekteerimine<\/li><li>Gaasikompressorjaamade projekteerimine<\/li><li>Gaasikatlamajade projekteerimine<\/li><li>Koostootmisjaamade ja muude koostootmislahenduste (biomass, hakkepuit, jne) projekteerimine<\/li><li>A-, B-, C- ja D-kategooria gaasipaigaldiste projekteerimine<\/li><\/ul><\/div><\/div><\/div><\/div><\/div><\/div><\/div><div id=\"layers-widget-map-8\" class=\"layers-widget-map-8 widget layers-contact-widget clearfix content-vertical-massive layers-contact-widget translucent animated-1s fade-in-up\"><div class=\"container clearfix\"><div class=\"section-title clearfix medium text-center \">\u00a0<\/div><\/div><\/div><\/div>\n\t\t\t\t<\/div>\n\t\t\t\t\t\t\t\t<\/div>\n\t\t\t\t\t\t<\/div>\n\t\t\t\t<\/div>\n\t\t\t\t\t<\/div>\n\t\t<\/div>\n\t\t\t\t\t<\/div>\n\t\t<\/section>\n\t\t\t\t<\/div>\n\t\t","protected":false},"excerpt":{"rendered":"<p>Teenused T\u00f6\u00f6stusprotsesside ja -rajatiste projekteerimine ja projektijuhtimine Teamwork Engineering O\u00dc on spetsialiseerunud protsessi ja tehaste ning t\u00f6\u00f6stuslahenduste projekteerimisele.\u00a0 K\u00f5ik t\u00f6\u00f6d teostame ruumiliselt. 3D mudelisse saab lisada k\u00f5ikide seadmete, torude, toruarmatuuri, jne info. Nii saate oma t\u00f6\u00f6stuse tootmisprotsessidest 3D mudeli, mille abil on hiljem v\u00f5imalik kiiremini ning kulusid kokku hoides viia olemasolevates protsessides l\u00e4bi muudatusi, uuendusi [&hellip;]<\/p>\n","protected":false},"author":1,"featured_media":0,"parent":0,"menu_order":0,"comment_status":"closed","ping_status":"closed","template":"elementor_header_footer","meta":{"inline_featured_image":false,"footnotes":""},"class_list":["post-582","page","type-page","status-publish","hentry"],"_links":{"self":[{"href":"https:\/\/twe.ee\/et\/wp-json\/wp\/v2\/pages\/582","targetHints":{"allow":["GET"]}}],"collection":[{"href":"https:\/\/twe.ee\/et\/wp-json\/wp\/v2\/pages"}],"about":[{"href":"https:\/\/twe.ee\/et\/wp-json\/wp\/v2\/types\/page"}],"author":[{"embeddable":true,"href":"https:\/\/twe.ee\/et\/wp-json\/wp\/v2\/users\/1"}],"replies":[{"embeddable":true,"href":"https:\/\/twe.ee\/et\/wp-json\/wp\/v2\/comments?post=582"}],"version-history":[{"count":5,"href":"https:\/\/twe.ee\/et\/wp-json\/wp\/v2\/pages\/582\/revisions"}],"predecessor-version":[{"id":1252,"href":"https:\/\/twe.ee\/et\/wp-json\/wp\/v2\/pages\/582\/revisions\/1252"}],"wp:attachment":[{"href":"https:\/\/twe.ee\/et\/wp-json\/wp\/v2\/media?parent=582"}],"curies":[{"name":"wp","href":"https:\/\/api.w.org\/{rel}","templated":true}]}}